{"id":7925,"date":"2024-03-31T12:33:18","date_gmt":"2024-03-31T09:33:18","guid":{"rendered":"https:\/\/www.kugerr.com\/datenschutzerklaerung\/"},"modified":"2024-03-31T13:27:25","modified_gmt":"2024-03-31T10:27:25","slug":"datenschutzerklaerung","status":"publish","type":"page","link":"https:\/\/www.kugerr.com\/de\/datenschutzerklaerung\/","title":{"rendered":"Datenschutzerkl\u00e4rung"},"content":{"rendered":"\t\t<div data-elementor-type=\"wp-page\" data-elementor-id=\"7925\" class=\"elementor elementor-7925 elementor-7910\" data-elementor-post-type=\"page\">\n\t\t\t\t\t\t<section class=\"elementor-section elementor-top-section elementor-element elementor-element-a73b9c4 elementor-section-boxed elementor-section-height-default elementor-section-height-default sc_fly_static\" data-id=\"a73b9c4\" data-element_type=\"section\">\n\t\t\t\t\t\t<div class=\"elementor-container elementor-column-gap-extended\">\n\t\t\t\t\t<div class=\"elementor-column elementor-col-100 elementor-top-column elementor-element elementor-element-63a7c1d sc_content_align_inherit sc_layouts_column_icons_position_left sc_fly_static\" data-id=\"63a7c1d\" data-element_type=\"column\">\n\t\t\t<div class=\"elementor-widget-wrap elementor-element-populated\">\n\t\t\t\t\t\t<div class=\"elementor-element elementor-element-ccd0f3b sc_fly_static elementor-widget elementor-widget-spacer\" data-id=\"ccd0f3b\" data-element_type=\"widget\" data-widget_type=\"spacer.default\">\n\t\t\t\t<div class=\"elementor-widget-container\">\n\t\t\t\t\t\t\t<div class=\"elementor-spacer\">\n\t\t\t<div class=\"elementor-spacer-inner\"><\/div>\n\t\t<\/div>\n\t\t\t\t\t\t<\/div>\n\t\t\t\t<\/div>\n\t\t\t\t\t<\/div>\n\t\t<\/div>\n\t\t\t\t\t<\/div>\n\t\t<\/section>\n\t\t\t\t<section class=\"elementor-section elementor-top-section elementor-element elementor-element-b567886 elementor-section-boxed elementor-section-height-default elementor-section-height-default sc_fly_static\" data-id=\"b567886\" data-element_type=\"section\">\n\t\t\t\t\t\t<div class=\"elementor-container elementor-column-gap-extended\">\n\t\t\t\t\t<div class=\"elementor-column elementor-col-100 elementor-top-column elementor-element elementor-element-92a5d90 sc_content_align_inherit sc_layouts_column_icons_position_left sc_fly_static\" data-id=\"92a5d90\" data-element_type=\"column\">\n\t\t\t<div class=\"elementor-widget-wrap elementor-element-populated\">\n\t\t\t\t\t\t<div class=\"elementor-element elementor-element-bd338f4 sc_fly_static elementor-widget elementor-widget-spacer\" data-id=\"bd338f4\" data-element_type=\"widget\" data-widget_type=\"spacer.default\">\n\t\t\t\t<div class=\"elementor-widget-container\">\n\t\t\t\t\t\t\t<div class=\"elementor-spacer\">\n\t\t\t<div class=\"elementor-spacer-inner\"><\/div>\n\t\t<\/div>\n\t\t\t\t\t\t<\/div>\n\t\t\t\t<\/div>\n\t\t\t\t\t<\/div>\n\t\t<\/div>\n\t\t\t\t\t<\/div>\n\t\t<\/section>\n\t\t\t\t<section class=\"elementor-section elementor-top-section elementor-element elementor-element-568b1e6 elementor-section-boxed elementor-section-height-default elementor-section-height-default sc_fly_static\" data-id=\"568b1e6\" data-element_type=\"section\">\n\t\t\t\t\t\t<div class=\"elementor-container elementor-column-gap-extended\">\n\t\t\t\t\t<div class=\"elementor-column elementor-col-100 elementor-top-column elementor-element elementor-element-72e0f95 sc_content_align_inherit sc_layouts_column_icons_position_left sc_fly_static\" data-id=\"72e0f95\" data-element_type=\"column\">\n\t\t\t<div class=\"elementor-widget-wrap elementor-element-populated\">\n\t\t\t\t\t\t<div class=\"elementor-element elementor-element-99cc248 sc_fly_static elementor-widget elementor-widget-text-editor\" data-id=\"99cc248\" data-element_type=\"widget\" data-widget_type=\"text-editor.default\">\n\t\t\t\t<div class=\"elementor-widget-container\">\n\t\t\t\t\t\t\t\t\t<ol><li><ol><li><strong> Datenschutz als Grundsatz<\/strong><\/li><\/ol><p><span style=\"font-weight: 400;\">Wir freuen uns \u00fcber Ihren Besuch auf unserer Homepage und Ihr Interesse an unseren Produkten. Den Schutz Ihrer personenbezogenen Daten nehmen wir ernst. Die Einhaltung gesetzlicher Regelungen zum Datenschutz und hierbei insbesondere die Bestimmungen der EU-Datenschutzgrundverordnung (DSGVO) betrachten wir daher als selbstverst\u00e4ndlich.<\/span><\/p><p><span style=\"font-weight: 400;\">Wir haben technische und organisatorische Ma\u00dfnahmen getroffen, die sicherstellen, dass die Vorschriften zum Datenschutz sowohl von uns als auch von uns beauftragten, externen Dienstleistern beachtet werden.<\/span><\/p><p><span style=\"font-weight: 400;\">Diese Datenschutzerkl\u00e4rung informiert Sie im Folgenden \u00fcber Art, Umfang und Zweck der Verarbeitung Ihrer personenbezogenen Daten beim Besuch unserer Website.<br \/><br \/><\/span><\/p><ol start=\"2\"><li><strong> Personenbezogene Daten<\/strong><\/li><\/ol><p><span style=\"font-weight: 400;\">Personenbezogene Daten sind Informationen zur Bestimmung der Identit\u00e4t. Dies sind zum Beispiel Daten wie Name, Adresse, Telefon-Nummer, eMail-Adresse. F\u00fcr die Nutzung unserer Internetseiten ist es nicht notwendig, diese Daten anzugeben.<br \/><br \/><\/span><\/p><ol start=\"3\"><li><strong> Verantwortlicher<\/strong><\/li><\/ol><p><span style=\"font-weight: 400;\">Verantwortlicher f\u00fcr die Erhebung, Verarbeitung und Nutzung Ihrer personenbezogenen Daten ist:<\/span><\/p><p><span style=\"font-weight: 400;\">TNSD GmbH Deutschland<\/span><\/p><p><span style=\"font-weight: 400;\">Biebricher Allee 70, Wiesbaden 65187 Germany<\/span><\/p><p><span style=\"font-weight: 400;\">Phone: 0049 216 171 920<\/span><\/p><p><span style=\"font-weight: 400;\">Fax: 0049 216 171 922<\/span><\/p><p><span style=\"font-weight: 400;\">Email: <\/span><a href=\"mailto:germany@kugerr.com\"><span style=\"font-weight: 400;\">germany@kugerr.com<\/span><\/a><\/p><p><span style=\"font-weight: 400;\">Bei Fragen zum Datenschutz wenden Sie sich bitte an uns.<\/span><\/p><p><span style=\"font-weight: 400;\">Recht auf Auskunft, Berichtigung, Sperrung oder L\u00f6schung<\/span><\/p><p><span style=\"font-weight: 400;\">Sie haben das Recht, jederzeit unentgeltlich Auskunft \u00fcber Herkunft, weitere Empf\u00e4nger, Speicherungsdauer und Zweck der Verarbeitung Ihrer gespeicherten Daten zu erhalten. Sie haben au\u00dferdem das Recht, die Berichtigung, Sperrung oder L\u00f6schung dieser Daten zu verlangen. Ausgenommen davon sind Daten, die aufgrund anderer gesetzlicher Vorschriften aufzubewahren oder zur ordnungsgem\u00e4\u00dfen Gesch\u00e4ftsabwicklung notwendig sind.<br \/><br \/><\/span><\/p><ol start=\"4\"><li><span style=\"font-weight: 400;\"><strong> Automatisch erfasste<\/strong> Daten in Server Logfiles<\/span><\/li><\/ol><p><span style=\"font-weight: 400;\">Bei der Nutzung unseres Internet-Auftritts speichern wir bzw. unser Hostinganbieter aus technischen und organisatorischen Gr\u00fcnden auf der Grundlage des Art. 6 Abs. 1 lit. f DSGVO die nachfolgend aufgef\u00fchrten Zugriffsdaten in sogenannten Server-Logfiles:<\/span><\/p><ul><li style=\"font-weight: 400;\" aria-level=\"1\"><span style=\"font-weight: 400;\">die Namen der von Ihnen aufgerufenen Seiten,<\/span><\/li><li style=\"font-weight: 400;\" aria-level=\"1\"><span style=\"font-weight: 400;\">Referrer URL (die zuvor besuchte Seite)<\/span><\/li><li style=\"font-weight: 400;\" aria-level=\"1\"><span style=\"font-weight: 400;\">der von Ihnen verwendete Browser und das von Ihnen verwendete Betriebssystem,<\/span><\/li><li style=\"font-weight: 400;\" aria-level=\"1\"><span style=\"font-weight: 400;\">Datum und Uhrzeit Ihres Zugangs,<\/span><\/li><li style=\"font-weight: 400;\" aria-level=\"1\"><span style=\"font-weight: 400;\">Ihre evtl. verwendete Suchmaschine,<\/span><\/li><li style=\"font-weight: 400;\" aria-level=\"1\"><span style=\"font-weight: 400;\">\u00dcbertragene Datenmenge und Namen der heruntergeladenen Dateien<\/span><\/li><li style=\"font-weight: 400;\" aria-level=\"1\"><span style=\"font-weight: 400;\">sowie Ihre IP-Adresse<\/span><\/li><\/ul><p><span style=\"font-weight: 400;\">Wir werten diese Daten anonym und lediglich zu statistischen Zwecken aus, um unsere Homepage noch attraktiver und sicherer gestalten zu k\u00f6nnen.<br \/><br \/><\/span><\/p><ol start=\"5\"><li><strong> Verwendung von Cookies<\/strong><\/li><\/ol><p><span style=\"font-weight: 400;\">Wenn Sie unsere Internetseiten besuchen, kann es sein, dass wir Informationen in Form eines Cookies auf Ihrem Computer ablegen.<\/span><\/p><p><span style=\"font-weight: 400;\">Cookies sind kleine Textdateien, die von einem Webserver an Ihren Browser gesendet und auf der Festplatte Ihres Computers gespeichert werden. Hierbei werden keinerlei personenbezogene Daten des Nutzers gespeichert.<\/span><\/p><p><span style=\"font-weight: 400;\">Nat\u00fcrlich k\u00f6nnen Sie unsere Internetseiten auch ohne Cookies nutzen. Hierzu m\u00fcssen Sie das Speichern von Cookies auf Ihrem Rechner verhindern, indem Sie in Ihren Browsereinstellungen das \u201eBlocken von Cookies\u201c ausw\u00e4hlen.<br \/><br \/><\/span><\/p><ol start=\"6\"><li><strong> Einsatz von Google Analytics<\/strong><\/li><\/ol><p><span style=\"font-weight: 400;\">Unsere Website benutzt Google Analytics, einen Webanalysedienst der Google Inc. Google Analytics verwendet Cookies, die eine Analyse der Benutzung der Website durch Sie erm\u00f6glichen. Die durch die Cookies erzeugten Informationen \u00fcber die Benutzung dieser Website werden in der Regel an einen Server von Google in den USA \u00fcbertragen und dort gespeichert.<\/span><\/p><p><span style=\"font-weight: 400;\">Im Auftrag des Betreibers dieser Website wird Google diese Informationen benutzen, um Ihre Nutzung der Website auszuwerten, um Reports \u00fcber die Website-Aktivit\u00e4ten zusammenzustellen und um weitere mit der Website-Nutzung und der Internet-Nutzung verbundene Dienstleistungen gegen\u00fcber dem Website-Bertreiber zu erbringen. Die im Rahmen von Google Analytics von Ihrem Browser \u00fcbermittelte IP-Adresse wird nicht mit anderen Daten von Google zusammengef\u00fchrt. Sie k\u00f6nnen die Speicherung der Cookies durch eine entsprechende Einstellung in Ihrem Browser verhindern. Zus\u00e4tzlich k\u00f6nnen Sie der durch das Cookie erzeugten und auf Ihre Nutzung der Website bezogenen Daten (inkl. Ihrer IP-Adresse) an Google sowie die Verarbeitung dieser Daten durch Google verhindern, indem Sie das unter dem folgenden Link verf\u00fcgbare Browser-Plugin herunterladen und installieren:\u00a0<\/span><a href=\"http:\/\/tools.google.com\/dlpage\/gaoptout?hl=de\"><b>http:\/\/tools.google.com\/dlpage\/gaoptout?hl=de<\/b><\/a><span style=\"font-weight: 400;\">\u00a0oder ganz einfach per Klick auf folgenden Link:\u00a0<\/span><a href=\"https:\/\/www.amann.com\/de\/meta\/datenschutz\/\"><b>Google Analytics deaktivieren\u00a0<\/b><\/a><br \/><br \/><\/p><ol start=\"7\"><li><strong> Einsatz von Links zu Social-Media Plattformen<\/strong><\/li><\/ol><p><span style=\"font-weight: 400;\">Wir setzen derzeit Links zu folgenden Social-Media Plattformen unseres Unternehmens ein: Facebook, Xing, YouTube.<\/span><\/p><p><span style=\"font-weight: 400;\">Wir nutzen dabei die sogenannte \u201eZwei-Klick-L\u00f6sung\u201c. Das hei\u00dft, wenn Sie unsere Website aufrufen, werden zun\u00e4chst keine personenbezogenen Daten an die Anbieter der Social-Media Plattformen weitergegeben.<\/span><\/p><p><span style=\"font-weight: 400;\">Nur wenn Sie auf das entsprechende Feld oder Logo der Social-Media Plattform klicken und dadurch aktivieren, erh\u00e4lt der betreffende Anbieter die Information, dass Sie die betreffende Website unseres Online-Angebots aufgerufen haben. Zudem werden die unter Pkt. 5 dieser Erkl\u00e4rung genannten Daten \u00fcbermittelt. Im Fall von Facebook und Xing wird nach Angaben der jeweiligen Anbieter in Deutschland die IP-Adresse sofort nach Erhebung anonymisiert.<\/span><\/p><p><span style=\"font-weight: 400;\">F\u00fcr Datenschutzpraktiken oder den Inhalt der aufgerufenen Plattformen \u00fcbernehmen wir keine Verantwortung. Sie k\u00f6nnen sich aber \u00fcber die Datenschutzerkl\u00e4rung auf der Website der jeweiligen Social.Media Plattform informieren.<br \/><br \/><\/span><\/p><ol start=\"8\"><li><strong> Datensicherheit<\/strong><\/li><\/ol><p><span style=\"font-weight: 400;\">Wir haben technische und organisatorische Ma\u00dfnahmen getroffen, um Ihre personenbezogenen Daten vor Verlust, Zerst\u00f6rung, Manipulation sowie unberechtigtem Zugriff zu sch\u00fctzen. Unsere Sicherheitsma\u00dfnahmen werden entsprechend dem technologischen Fortschritt regelm\u00e4\u00dfig \u00fcberarbeitet.<\/span><\/p><p><span style=\"font-weight: 400;\">Alle unsere Mitarbeiter und alle an der Datenverarbeitung beteiligten Dritten wurden auf die Einhaltung der EU-Datenschutzgrundverordnung (EU-DSGVO) sowie zum vertraulichen Umgang mit personenbezogenen Daten verpflichtet.<br \/><br \/><\/span><\/p><ol start=\"9\"><li><strong> Externe Links<\/strong><\/li><\/ol><p><span style=\"font-weight: 400;\">Sofern Sie externe Links verwenden, die im Rahmen unserer Internetseiten angeboten werden, sind diese nicht mehr durch diese Datenschutzerkl\u00e4rung abgedeckt. AMANN ist nicht verantwortlich f\u00fcr die Datenschutzvorkehrungen oder dem Inhalt dieser verlinkten Web-Seiten. Bitte informieren Sie sich deshalb auf den Internetseiten der anderen Anbieter \u00fcber die dort vorhandenen Datenschutzerkl\u00e4rungen.<br \/><br \/><\/span><\/p><ol start=\"10\"><li><strong> Widerspruchsrecht, R\u00fccknahme der Einwilligung<\/strong><\/li><\/ol><p><span style=\"font-weight: 400;\">Sie k\u00f6nnen jederzeit der Verarbeitung und Nutzung Ihrer personenbezogenen Daten durch uns widersprechen oder eine bereits fr\u00fcher abgegebene Einwilligung f\u00fcr die zuk\u00fcnftige Verarbeitung widerrufen. Hierf\u00fcr wenden Sie sich bitte an die unter Pkt. 3 dieser Datenschutzerkl\u00e4rung genannte verantwortliche Stelle.<br \/><br \/><\/span><\/p><ol start=\"11\"><li><strong> \u00c4nderung unserer Datenschutzbestimmungen<\/strong><\/li><\/ol><p><span style=\"font-weight: 400;\">Da wir bem\u00fcht sind, unsere Sicherheits- und Datenschutzma\u00dfnahmen st\u00e4ndig dem technologischen Fortschritt anzupassen, behalten wir uns das Recht vor diese Ma\u00dfnahmen zu ver\u00e4ndern. In diesen F\u00e4llen werden wir auch unsere Datenschutzerkl\u00e4rung entsprechend anpassen<\/span><\/p><br style=\"font-weight: 400;\" \/><br style=\"font-weight: 400;\" \/><\/li><\/ol>\t\t\t\t\t\t\t\t<\/div>\n\t\t\t\t<\/div>\n\t\t\t\t\t<\/div>\n\t\t<\/div>\n\t\t\t\t\t<\/div>\n\t\t<\/section>\n\t\t\t\t<\/div>\n\t\t","protected":false},"excerpt":{"rendered":"<p>Datenschutz als Grundsatz Wir freuen uns \u00fcber Ihren Besuch auf unserer Homepage und Ihr Interesse an unseren Produkten. Den Schutz Ihrer personenbezogenen Daten nehmen wir ernst. Die Einhaltung gesetzlicher Regelungen&hellip;<\/p>\n","protected":false},"author":1,"featured_media":0,"parent":0,"menu_order":0,"comment_status":"closed","ping_status":"closed","template":"","meta":{"inline_featured_image":false,"footnotes":""},"class_list":["post-7925","page","type-page","status-publish","hentry"],"_links":{"self":[{"href":"https:\/\/www.kugerr.com\/de\/wp-json\/wp\/v2\/pages\/7925","targetHints":{"allow":["GET"]}}],"collection":[{"href":"https:\/\/www.kugerr.com\/de\/wp-json\/wp\/v2\/pages"}],"about":[{"href":"https:\/\/www.kugerr.com\/de\/wp-json\/wp\/v2\/types\/page"}],"author":[{"embeddable":true,"href":"https:\/\/www.kugerr.com\/de\/wp-json\/wp\/v2\/users\/1"}],"replies":[{"embeddable":true,"href":"https:\/\/www.kugerr.com\/de\/wp-json\/wp\/v2\/comments?post=7925"}],"version-history":[{"count":10,"href":"https:\/\/www.kugerr.com\/de\/wp-json\/wp\/v2\/pages\/7925\/revisions"}],"predecessor-version":[{"id":7935,"href":"https:\/\/www.kugerr.com\/de\/wp-json\/wp\/v2\/pages\/7925\/revisions\/7935"}],"wp:attachment":[{"href":"https:\/\/www.kugerr.com\/de\/wp-json\/wp\/v2\/media?parent=7925"}],"curies":[{"name":"wp","href":"https:\/\/api.w.org\/{rel}","templated":true}]}}