{"id":6903,"date":"2024-03-14T19:31:24","date_gmt":"2024-03-14T16:31:24","guid":{"rendered":"https:\/\/www.kugerr.com\/?post_type=product&#038;p=6903"},"modified":"2024-10-25T22:03:36","modified_gmt":"2024-10-25T19:03:36","slug":"kugerr-d8-sessiz-davlumbaz-90cm-beyaz","status":"publish","type":"product","link":"https:\/\/www.kugerr.com\/tr\/urunlerimiz\/davlumbaz\/egimli\/kugerr-d8-sessiz-davlumbaz-90cm-beyaz\/","title":{"rendered":"K\u00dcGERR D8 Sessiz Davlumbaz 90cm &#8211; Beyaz"},"content":{"rendered":"<p><strong>Bacas\u0131z Kullan\u0131m Bilgisi:<br \/>\n<\/strong>E\u011fer evinizde baca \u00e7\u0131k\u0131\u015f\u0131 yoksa K\u00dcGERR\u2019in \u00f6zel karbon filtresine ihtiyac\u0131n\u0131z vard\u0131r.<\/p>\n<p><strong>2 Y\u0131l Garanti:\u00a0<\/strong><br \/>\nT\u00fcm K\u00dcGERR cihazlar\u0131 standart olarak iki y\u0131l garantilidir.<\/p>\n","protected":false},"excerpt":{"rendered":"<p><strong>K\u00dcGERR, PATENTL\u0130 RADIALITIC MOTOR TEKNOLOJ\u0130S\u0130YLE D\u0130\u011eERLER\u0130NDEN AYRILIR.<\/strong><\/p>\n<p>K\u00dcGERR\u2019in e\u015fsiz sessizlik \u00f6zelli\u011fi, ba\u011f\u0131ms\u0131z Alman test kurulu\u015fu T\u00dcV Rheinland (test no: 27117822) ve \u0130stanbul \u00dcniversitesi taraf\u0131ndan onaylanm\u0131\u015ft\u0131r.<\/p>\n<p>&nbsp;<\/p>\n","protected":false},"featured_media":6904,"comment_status":"closed","ping_status":"closed","template":"","meta":{"inline_featured_image":false},"product_brand":[],"product_cat":[22,25],"product_tag":[],"class_list":{"0":"post-6903","1":"product","2":"type-product","3":"status-publish","4":"has-post-thumbnail","6":"product_cat-davlumbaz","7":"product_cat-egimli","9":"first","10":"instock","11":"shipping-taxable","12":"product-type-simple"},"_links":{"self":[{"href":"https:\/\/www.kugerr.com\/tr\/wp-json\/wp\/v2\/product\/6903","targetHints":{"allow":["GET"]}}],"collection":[{"href":"https:\/\/www.kugerr.com\/tr\/wp-json\/wp\/v2\/product"}],"about":[{"href":"https:\/\/www.kugerr.com\/tr\/wp-json\/wp\/v2\/types\/product"}],"replies":[{"embeddable":true,"href":"https:\/\/www.kugerr.com\/tr\/wp-json\/wp\/v2\/comments?post=6903"}],"version-history":[{"count":4,"href":"https:\/\/www.kugerr.com\/tr\/wp-json\/wp\/v2\/product\/6903\/revisions"}],"predecessor-version":[{"id":8853,"href":"https:\/\/www.kugerr.com\/tr\/wp-json\/wp\/v2\/product\/6903\/revisions\/8853"}],"wp:featuredmedia":[{"embeddable":true,"href":"https:\/\/www.kugerr.com\/tr\/wp-json\/wp\/v2\/media\/6904"}],"wp:attachment":[{"href":"https:\/\/www.kugerr.com\/tr\/wp-json\/wp\/v2\/media?parent=6903"}],"wp:term":[{"taxonomy":"product_brand","embeddable":true,"href":"https:\/\/www.kugerr.com\/tr\/wp-json\/wp\/v2\/product_brand?post=6903"},{"taxonomy":"product_cat","embeddable":true,"href":"https:\/\/www.kugerr.com\/tr\/wp-json\/wp\/v2\/product_cat?post=6903"},{"taxonomy":"product_tag","embeddable":true,"href":"https:\/\/www.kugerr.com\/tr\/wp-json\/wp\/v2\/product_tag?post=6903"}],"curies":[{"name":"wp","href":"https:\/\/api.w.org\/{rel}","templated":true}]}}