{"id":6925,"date":"2024-03-14T21:31:28","date_gmt":"2024-03-14T18:31:28","guid":{"rendered":"https:\/\/www.kugerr.com\/?post_type=product&#038;p=6925"},"modified":"2024-04-19T15:23:56","modified_gmt":"2024-04-19T12:23:56","slug":"kugerr-f10-60cm-sessiz-karbon-filtre-seti-bacasiz-kullanim-icin","status":"publish","type":"product","link":"https:\/\/www.kugerr.com\/tr\/urunlerimiz\/filtreler\/kugerr-f10-60cm-sessiz-karbon-filtre-seti-bacasiz-kullanim-icin\/","title":{"rendered":"K\u00dcGERR F10 60cm Sessiz Karbon Filtre Seti (Bacas\u0131z Kullan\u0131m \u0130\u00e7in)"},"content":{"rendered":"","protected":false},"excerpt":{"rendered":"<p><span style=\"font-weight: 400;\">E\u011fer evinizde baca \u00e7\u0131k\u0131\u015f\u0131 yoksa K\u00dcGERR\u2019in \u00f6zel karbon filtresine ihtiyac\u0131n\u0131z vard\u0131r. K\u00dcGERR i\u00e7in \u00f6zel geli\u015ftirilen, emi\u015f g\u00fcc\u00fcn\u00fc d\u00fc\u015f\u00fcrmeyen ve sessiz \u00e7al\u0131\u015fmay\u0131 engellemeyen karbon filtre.<\/span><\/p>\n","protected":false},"featured_media":8844,"comment_status":"closed","ping_status":"closed","template":"","meta":{"inline_featured_image":false},"product_brand":[],"product_cat":[23],"product_tag":[],"class_list":{"0":"post-6925","1":"product","2":"type-product","3":"status-publish","4":"has-post-thumbnail","6":"product_cat-filtreler","8":"first","9":"instock","10":"shipping-taxable","11":"product-type-simple"},"_links":{"self":[{"href":"https:\/\/www.kugerr.com\/tr\/wp-json\/wp\/v2\/product\/6925","targetHints":{"allow":["GET"]}}],"collection":[{"href":"https:\/\/www.kugerr.com\/tr\/wp-json\/wp\/v2\/product"}],"about":[{"href":"https:\/\/www.kugerr.com\/tr\/wp-json\/wp\/v2\/types\/product"}],"replies":[{"embeddable":true,"href":"https:\/\/www.kugerr.com\/tr\/wp-json\/wp\/v2\/comments?post=6925"}],"version-history":[{"count":1,"href":"https:\/\/www.kugerr.com\/tr\/wp-json\/wp\/v2\/product\/6925\/revisions"}],"predecessor-version":[{"id":6927,"href":"https:\/\/www.kugerr.com\/tr\/wp-json\/wp\/v2\/product\/6925\/revisions\/6927"}],"wp:featuredmedia":[{"embeddable":true,"href":"https:\/\/www.kugerr.com\/tr\/wp-json\/wp\/v2\/media\/8844"}],"wp:attachment":[{"href":"https:\/\/www.kugerr.com\/tr\/wp-json\/wp\/v2\/media?parent=6925"}],"wp:term":[{"taxonomy":"product_brand","embeddable":true,"href":"https:\/\/www.kugerr.com\/tr\/wp-json\/wp\/v2\/product_brand?post=6925"},{"taxonomy":"product_cat","embeddable":true,"href":"https:\/\/www.kugerr.com\/tr\/wp-json\/wp\/v2\/product_cat?post=6925"},{"taxonomy":"product_tag","embeddable":true,"href":"https:\/\/www.kugerr.com\/tr\/wp-json\/wp\/v2\/product_tag?post=6925"}],"curies":[{"name":"wp","href":"https:\/\/api.w.org\/{rel}","templated":true}]}}